{"id":221,"date":"2018-06-06T11:23:07","date_gmt":"2018-06-06T16:23:07","guid":{"rendered":"http:\/\/native.estatik.net\/?page_id=221"},"modified":"2021-01-06T20:38:19","modified_gmt":"2021-01-07T01:38:19","slug":"terminos-de-uso","status":"publish","type":"page","link":"https:\/\/www.macroinmobiliaria.com\/inmobiliaria-bogota\/terminos-de-uso\/","title":{"rendered":"T\u00e9rminos de Uso y Pol\u00edtica de Datos Personales"},"content":{"rendered":"\n<figure class=\"wp-block-image size-large is-resized\"><img loading=\"lazy\" decoding=\"async\" src=\"http:\/\/www.macroinmobiliaria.com\/inmobiliariabogota\/wp-content\/uploads\/2021\/01\/logo-macroi-final-color-1024x426.jpg\" alt=\"\" class=\"wp-image-779\" width=\"320\" height=\"133\" srcset=\"https:\/\/www.macroinmobiliaria.com\/inmobiliaria-bogota\/wp-content\/uploads\/2021\/01\/logo-macroi-final-color-1024x426.jpg 1024w, https:\/\/www.macroinmobiliaria.com\/inmobiliaria-bogota\/wp-content\/uploads\/2021\/01\/logo-macroi-final-color-300x125.jpg 300w, https:\/\/www.macroinmobiliaria.com\/inmobiliaria-bogota\/wp-content\/uploads\/2021\/01\/logo-macroi-final-color-768x320.jpg 768w, https:\/\/www.macroinmobiliaria.com\/inmobiliaria-bogota\/wp-content\/uploads\/2021\/01\/logo-macroi-final-color-265x110.jpg 265w, https:\/\/www.macroinmobiliaria.com\/inmobiliaria-bogota\/wp-content\/uploads\/2021\/01\/logo-macroi-final-color.jpg 1432w\" sizes=\"auto, (max-width: 320px) 100vw, 320px\" \/><\/figure>\n\n\n\n<div class=\"wp-block-buttons is-layout-flex wp-block-buttons-is-layout-flex\">\n<div class=\"wp-block-button\"><a class=\"wp-block-button__link\" href=\"https:\/\/www.macroinmobiliaria.com\/enlaces\/POLITICA%20DE%20PRIVACIDAD.pdf\" target=\"_blank\" rel=\"noreferrer noopener\">VER DOCUMENTO<\/a><\/div>\n<\/div>\n\n\n<p>A continuaci\u00f3n compartimos documento, cualquier inquietud por favor cont\u00e1ctenos para mayor informaci\u00f3n.&nbsp;<\/p>","protected":false},"excerpt":{"rendered":"<p>A continuaci\u00f3n compartimos documento, cualquier inquietud por favor cont\u00e1ctenos para mayor informaci\u00f3n.&nbsp;<\/p>\n","protected":false},"author":1,"featured_media":0,"parent":0,"menu_order":0,"comment_status":"closed","ping_status":"closed","template":"","meta":{"_joinchat":[],"footnotes":""},"class_list":["post-221","page","type-page","status-publish","hentry"],"_links":{"self":[{"href":"https:\/\/www.macroinmobiliaria.com\/inmobiliaria-bogota\/wp-json\/wp\/v2\/pages\/221","targetHints":{"allow":["GET"]}}],"collection":[{"href":"https:\/\/www.macroinmobiliaria.com\/inmobiliaria-bogota\/wp-json\/wp\/v2\/pages"}],"about":[{"href":"https:\/\/www.macroinmobiliaria.com\/inmobiliaria-bogota\/wp-json\/wp\/v2\/types\/page"}],"author":[{"embeddable":true,"href":"https:\/\/www.macroinmobiliaria.com\/inmobiliaria-bogota\/wp-json\/wp\/v2\/users\/1"}],"replies":[{"embeddable":true,"href":"https:\/\/www.macroinmobiliaria.com\/inmobiliaria-bogota\/wp-json\/wp\/v2\/comments?post=221"}],"version-history":[{"count":4,"href":"https:\/\/www.macroinmobiliaria.com\/inmobiliaria-bogota\/wp-json\/wp\/v2\/pages\/221\/revisions"}],"predecessor-version":[{"id":795,"href":"https:\/\/www.macroinmobiliaria.com\/inmobiliaria-bogota\/wp-json\/wp\/v2\/pages\/221\/revisions\/795"}],"wp:attachment":[{"href":"https:\/\/www.macroinmobiliaria.com\/inmobiliaria-bogota\/wp-json\/wp\/v2\/media?parent=221"}],"curies":[{"name":"wp","href":"https:\/\/api.w.org\/{rel}","templated":true}]}}