{"id":247,"date":"2018-09-10T07:24:27","date_gmt":"2018-09-10T12:24:27","guid":{"rendered":"http:\/\/native.estatik.net\/?page_id=247"},"modified":"2020-12-12T13:22:42","modified_gmt":"2020-12-12T18:22:42","slug":"mi-perfil-2","status":"publish","type":"page","link":"https:\/\/www.macroinmobiliaria.com\/inmobiliaria-bogota\/mi-perfil-2\/","title":{"rendered":"Mi perfil"},"content":{"rendered":"<div class=\"es-auth js-es-auth content-font\">\n    \t    \t    <div class=\"es-auth__item es-auth__login-buttons \">\n\t        <h3 class=\"heading-font\">Ingresa o Registro<\/h3>\n\t\n\t        <p>para guardar tus casas favoritas y m\u00e1s<\/p>\n\t\n\t\t\t\t\t\t\t\t\t\t\t        <a href=\"#\" data-auth-item=\"login-form\" class=\"js-es-auth-item__switcher es-btn es-btn--default es-btn--auth \">\n\t\t\tIniciar sesi\u00f3n con correo electr\u00f3nico\n        <\/a>\n\t\n\t        <p class=\"sign-in-text\">\u00bfNo tienes una cuenta? <a href=\"#\" data-auth-item=\"buyer-register-buttons\" class=\"js-es-auth-item__switcher\">Inscribirse<\/a><\/p>\n    \n    <div class=\"es-space\"><\/div>\n\n    \t<div class=\"es-auth-footer\">\n\t\t<div class=\"es-auth-footer__inner\">\n\t\t\t<div class=\"es-auth-footer__left\">\n\t\t\t\t<span class=\"es-icon es-icon_glasses es-secondary-color\"><\/span>\n\t\t\t\t<div class=\"es-auth-footer__content\">\n\t\t\t\t\t<b>\u00bfProfesional inmobiliario?<\/b>\n\t\t\t\t\t<p>Administre sus listados, perfil y m\u00e1s.<\/p>\n\t\t\t\t<\/div>\n\t\t\t<\/div>\n\t\t\t<a href=\"#\" data-auth-item=\"agent-register-buttons\" class=\"js-es-auth-item__switcher es-btn es-btn--secondary es-btn--bordered\">Reg\u00edstrese como agente<\/a>\n\t\t<\/div>\n\t<\/div>\n<\/div>\n\t    <div class=\"es-auth__item js-es-auth__login-form es-auth__login-form es-auth__item--hidden\">\n\t        <h3 class=\"heading-font\">Ingresa o Registro<\/h3>\n\t\n\t        <p>para guardar tus casas favoritas y m\u00e1s<\/p>\n\t\n    <div class=\"all-login-back\">\n        <a href=\"#\" data-auth-item=\"login-buttons\" class=\"js-es-auth-item__switcher\">\n            <span class=\"es-icon es-icon_chevron-left\"><\/span>Todas las opciones de inicio de sesi\u00f3n        <\/a>\n    <\/div>\n\n    <form action=\"\" method=\"POST\">\n\t\t\n                               <div class='es-field es-field__es_user_login es-field--text '>\n                                   <label for='es_user_login-69e5ef95923ab'><span class='es-field__label'>Email<\/span><input id=\"es_user_login-69e5ef95923ab\" name=\"es_user_login\" class=\"es-field__input\" required=\"required\" autocomplete=\"username\" type=\"text\" value=\"\" \/><\/label>\n                               <\/div>\n                           \n                                   <div class='es-field es-field__es_user_password es-field--password '>\n                                       <label for='es_user_password-69e5ef95931a8'><span class='es-field__label'>Contrase\u00f1a<\/span><div class='es-input__wrap'><input id=\"es_user_password-69e5ef95931a8\" name=\"es_user_password\" class=\"es-field__input\" required=\"required\" autocomplete=\"current-password\" type=\"password\" value=\"\" \/><a href='#' aria-label='Show or Hide password' class='es-toggle-pwd js-es-toggle-pwd'><span class='es-icon es-icon_eye'><\/span><\/a><\/div><\/label>\n                                   <\/div>\n                                       <div class=\"forgot-pwd\">\n            <a href=\"#\" data-auth-item=\"reset-form\" class=\"js-es-auth-item__switcher\">\u00bfSe te olvid\u00f3 tu contrase\u00f1a?<\/a>\n        <\/div>\n\n\t\t        <input type=\"hidden\" name=\"uniqid\" value=\"69e5ef95931d7\"\/>\n\t\t<input type=\"hidden\" id=\"es_auth_nonce_69e5ef95931d7\" name=\"es_auth_nonce_69e5ef95931d7\" value=\"9e14a1c441\" \/><input type=\"hidden\" name=\"_wp_http_referer\" value=\"\/inmobiliaria-bogota\/wp-json\/wp\/v2\/pages\/247\" \/>\t    \t\t\t\t\t<input type=\"hidden\" name=\"g-recaptcha-response\" id=\"recaptchaResponse-69e5ef95937eb\"\/>\n\t\t\t\t\t        <button type=\"submit\" class=\"es-btn es-btn--primary js-es-btn--login es-btn--login\" disabled>Iniciar sesi\u00f3n<\/button>\n    <\/form>\n\n\t        <p class=\"sign-in-text\">\u00bfNo tienes una cuenta? <a href=\"#\" class=\"js-es-auth-item__switcher\" data-auth-item=\"buyer-register-buttons\">Inscribirse<\/a>\n<\/p>\n        <div class=\"es-space\"><\/div>\n<\/div>\n\t    <div class=\"es-auth__item es-auth__reset-form es-auth__item--hidden\">\n    <h3 class=\"heading-font\">Reset password<\/h3>\n    <p>Ingrese su direcci\u00f3n de correo electr\u00f3nico y le enviaremos un enlace para cambiar su contrase\u00f1a.<\/p>\n\n    <form action=\"\" method=\"POST\">\n\t\t\n        <input type=\"hidden\" name=\"uniqid\" value=\"69e5ef95939c3\"\/>\n\n\t\t\t\t\t\n                               <div class='es-field es-field__es_user_email es-field--email '>\n                                   <label for='es_user_email-69e5ef95939cf'><span class='es-field__label'>Email<\/span><input id=\"es_user_email-69e5ef95939cf\" name=\"es_user_email\" class=\"es-field__input\" required=\"required\" autocomplete=\"username\" type=\"email\" value=\"\" \/><\/label>\n                               <\/div>\n                           \t\t\t<input type=\"hidden\" id=\"es_retrieve_pwd_nonce_69e5ef95939c3\" name=\"es_retrieve_pwd_nonce_69e5ef95939c3\" value=\"d37e68ea1c\" \/><input type=\"hidden\" name=\"_wp_http_referer\" value=\"\/inmobiliaria-bogota\/wp-json\/wp\/v2\/pages\/247\" \/>\t\t\t\t\t\t\t\t<input type=\"hidden\" name=\"g-recaptcha-response\" id=\"recaptchaResponse-69e5ef9593a90\"\/>\n\t\t\t\t\t            <button type=\"submit\" class=\"es-btn es-btn--primary es-btn--reset\">Enviar enlace de reinicio<\/button>\n\t\t\n        <div><a href=\"#\" data-auth-item=\"login-buttons\" class=\"js-es-auth-item__switcher login-back\"><span class=\"es-icon es-icon_chevron-left\"><\/span>Atr\u00e1s para iniciar sesi\u00f3n\n<\/a><\/div>\n    <\/form>\n    <div class=\"es-space\"><\/div>\n<\/div>\n\t                <div class=\"es-auth__item es-auth__buyer-register-buttons es-auth__item--hidden\">\n\t        <h3 class=\"heading-font\">Comience con su cuenta<\/h3>\n\t\n\t        <p>para guardar tus casas favoritas y m\u00e1s<\/p>\n\t\n\t\t\t\t\t\t\t\t\t\t\t        <a href=\"#\" data-auth-item=\"buyer-register-form\" class=\"js-es-auth-item__switcher es-btn es-btn--default es-btn--auth \">Ingresa con e-mail<\/a>\n\t\n    <p class=\"sign-in-text\">\u00bfYa tienes una cuenta? <a href=\"#\" data-auth-item=\"login-buttons\" class=\"js-es-auth-item__switcher\">Iniciar sesi\u00f3n<\/a><\/p>\n    <div class=\"es-space\"><\/div>\n\t\t<div class=\"es-auth-footer\">\n\t\t<div class=\"es-auth-footer__inner\">\n\t\t\t<div class=\"es-auth-footer__left\">\n\t\t\t\t<span class=\"es-icon es-icon_glasses es-secondary-color\"><\/span>\n\t\t\t\t<div class=\"es-auth-footer__content\">\n\t\t\t\t\t<b>\u00bfProfesional inmobiliario?<\/b>\n\t\t\t\t\t<p>Administre sus listados, perfil y m\u00e1s.<\/p>\n\t\t\t\t<\/div>\n\t\t\t<\/div>\n\t\t\t<a href=\"#\" data-auth-item=\"agent-register-buttons\" class=\"js-es-auth-item__switcher es-btn es-btn--secondary es-btn--bordered\">Reg\u00edstrese como agente<\/a>\n\t\t<\/div>\n\t<\/div>\n<\/div>\n            <div class=\"es-auth__item es-auth__buyer-register-form es-auth__item--hidden\">\n\t        <h3 class=\"heading-font\">Comience con su cuenta<\/h3>\n\t\n\t        <p>para guardar tus casas favoritas y m\u00e1s<\/p>\n\t\n    <div class=\"all-login-back\">\n        <a href=\"#\" class=\"js-es-auth-item__switcher\" data-auth-item=\"buyer-register-buttons\">\n            <span class=\"es-icon es-icon_chevron-left\"><\/span>Todas las opciones de registro        <\/a>\n    <\/div>\n\n    <form action=\"\" method=\"POST\">\n\t\t        <input type=\"hidden\" name=\"uniqid\" value=\"69e5ef9593dc4\"\/>\n        <input type=\"hidden\" id=\"es_register_nonce_69e5ef9593dc4\" name=\"es_register_nonce_69e5ef9593dc4\" value=\"be3086af67\" \/><input type=\"hidden\" name=\"_wp_http_referer\" value=\"\/inmobiliaria-bogota\/wp-json\/wp\/v2\/pages\/247\" \/><input id=\"redirect_url-69e5ef9593df2\" name=\"redirect_url\" class=\"es-field__input\" type=\"hidden\" \/><input id=\"es_type-69e5ef9593e18\" name=\"es_type\" class=\"es-field__input\" type=\"hidden\" value=\"buyer\" \/>\n                               <div class='es-field es-field__es_extra_info es-field--text '>\n                                   <label for='es_extra_info-69e5ef9593e6c'><input id=\"es_extra_info-69e5ef9593e6c\" name=\"es_extra_info\" class=\"es-field__input\" type=\"text\" value=\"\" \/><\/label>\n                               <\/div>\n                           \n                               <div class='es-field es-field__es_user_email es-field--email '>\n                                   <label for='es_user_email-69e5ef9593e98'><span class='es-field__label'>Email<\/span><input id=\"es_user_email-69e5ef9593e98\" name=\"es_user_email\" class=\"es-field__input\" required=\"required\" autocomplete=\"username\" type=\"email\" value=\"\" \/><p class='es-field__description'>Lo usar\u00e1 para iniciar sesi\u00f3n y nosotros lo usaremos para comunicarnos con usted.\n<\/p><\/label>\n                               <\/div>\n                           \n                                   <div class='es-field es-field__es_user_password es-field--password '>\n                                       <label for='es_user_password-69e5ef9593ec4'><span class='es-field__label'>Contrase\u00f1a<\/span><div class='es-input__wrap'><input id=\"es_user_password-69e5ef9593ec4\" name=\"es_user_password\" class=\"js-es-password-field es-field__input\" required=\"required\" minlength=\"8\" autocomplete=\"new-password\" type=\"password\" value=\"\" \/><a href='#' aria-label='Show or Hide password' class='es-toggle-pwd js-es-toggle-pwd'><span class='es-icon es-icon_eye'><\/span><\/a><\/div><p class='es-field__description'><ul class='es-field__validate-list'>\n                                <li class='es-validate-item es-validate-item__contain'>No puede contener el nombre o la direcci\u00f3n de correo electr\u00f3nico.<\/li>\n                                <li class='es-validate-item es-validate-item__length'>Al menos 8 car\u00e1cteres<\/li>\n                                <li class='es-validate-item es-validate-item__char'>Contiene un n\u00famero o s\u00edmbolo.<\/li>\n                            <\/ul><\/p><\/label>\n                                   <\/div>\n                               \n\t    \t\t\t\t\t<input type=\"hidden\" name=\"g-recaptcha-response\" id=\"recaptchaResponse-69e5ef9593efa\"\/>\n\t\t\t\t\t\n        <button type=\"submit\" disabled class=\"es-btn es-btn--primary es-btn--signup\">Inscribirse\n<\/button>\n\t\t<div class='es-privacy-policy-container'><div class='es-terms-text'>Al hacer clic en el bot\u00f3n \u00abINSCRIBIRSE\u00bb, acepta los <a href='https:\/\/www.macroinmobiliaria.com\/inmobiliaria-bogota\/terminos-de-uso\/' class='es-terms-link'>Condiciones de uso\n<\/a> y <a href='https:\/\/www.macroinmobiliaria.com\/inmobiliaria-bogota\/politica-de-privacidad\/' class='es-terms-link'>Pol\u00edtica de privacidad<\/a><\/div><\/div>        <p class=\"sign-in-text\">\u00bfYa tienes una cuenta? <a href=\"#\" class=\"js-es-auth-item__switcher\" data-auth-item=\"login-buttons\">Iniciar sesi\u00f3n<\/a>\n<\/p>\n    <\/form>\n    <div class=\"es-space\"><\/div>\n\t\t<div class=\"es-auth-footer\">\n\t\t<div class=\"es-auth-footer__inner\">\n\t\t\t<div class=\"es-auth-footer__left\">\n\t\t\t\t<span class=\"es-icon es-icon_glasses es-secondary-color\"><\/span>\n\t\t\t\t<div class=\"es-auth-footer__content\">\n\t\t\t\t\t<b>\u00bfProfesional inmobiliario?<\/b>\n\t\t\t\t\t<p>Administre sus listados, perfil y m\u00e1s.<\/p>\n\t\t\t\t<\/div>\n\t\t\t<\/div>\n\t\t\t<a href=\"#\" data-auth-item=\"agent-register-buttons\" class=\"js-es-auth-item__switcher es-btn es-btn--secondary es-btn--bordered\">Reg\u00edstrese como agente<\/a>\n\t\t<\/div>\n\t<\/div>\n<\/div>\n        \t                <div class=\"es-auth__item es-auth__agent-register-form es-auth__item--hidden\">\n\t\t\t<h3 class=\"heading-font\">Crear una cuenta de agente<\/h3>\n\t\n\t\t\t<p>Administre sus listados, perfil y m\u00e1s<\/p>\n\t\n\t<div class=\"all-login-back\">\n\t\t<a href=\"#\" class=\"js-es-auth-item__switcher\" data-auth-item=\"agent-register-buttons\">\n\t\t\t<span class=\"es-icon es-icon_chevron-left\"><\/span>Todas las opciones de registro\t\t<\/a>\n\t<\/div>\n\n\t<form action=\"\" method=\"POST\">\n\t\t        <input type=\"hidden\" name=\"uniqid\" value=\"69e5ef959491c\"\/>\n        <input type=\"hidden\" id=\"es_register_nonce_69e5ef959491c\" name=\"es_register_nonce_69e5ef959491c\" value=\"be3086af67\" \/><input type=\"hidden\" name=\"_wp_http_referer\" value=\"\/inmobiliaria-bogota\/wp-json\/wp\/v2\/pages\/247\" \/><input id=\"redirect_url-69e5ef959498f\" name=\"redirect_url\" class=\"es-field__input\" type=\"hidden\" value=\"\" \/><input id=\"es_type-69e5ef95949bd\" name=\"es_type\" class=\"es-field__input\" type=\"hidden\" value=\"agent\" \/>\n                               <div class='es-field es-field__es_extra_info es-field--text '>\n                                   <label for='es_extra_info-69e5ef95949d1'><input id=\"es_extra_info-69e5ef95949d1\" name=\"es_extra_info\" class=\"es-field__input\" type=\"text\" value=\"\" \/><\/label>\n                               <\/div>\n                           \n                               <div class='es-field es-field__es_user_email es-field--email '>\n                                   <label for='es_user_email-69e5ef95949ff'><span class='es-field__label'>Correo electr\u00f3nico *<\/span><input id=\"es_user_email-69e5ef95949ff\" name=\"es_user_email\" class=\"es-field__input\" required=\"required\" type=\"email\" value=\"\" \/><p class='es-field__description'>Lo usar\u00e1 para iniciar sesi\u00f3n y nosotros lo usaremos para comunicarnos con usted.\n<\/p><\/label>\n                               <\/div>\n                           \n                               <div class='es-field es-field__es_phone es-field--phone '>\n                                   <div><span class='es-field__label'>Tel\u00e9fono<\/span><input id=\"es-field-es_phone\" name=\"es_phone\" class=\"es-field__input\" type=\"text\" value=\"\" \/><p class='es-field__description'>Los compradores lo utilizar\u00e1n para ponerse en contacto contigo.<\/p><\/div>\n                               <\/div>\n                           \n                                   <div class='es-field es-field__es_user_password es-field--password '>\n                                       <label for='es_user_password-69e5ef9594cf0'><span class='es-field__label'>Contrase\u00f1a *<\/span><div class='es-input__wrap'><input id=\"es_user_password-69e5ef9594cf0\" name=\"es_user_password\" class=\"js-es-password-field es-field__input\" required=\"required\" minlength=\"8\" type=\"password\" value=\"\" \/><a href='#' aria-label='Show or Hide password' class='es-toggle-pwd js-es-toggle-pwd'><span class='es-icon es-icon_eye'><\/span><\/a><\/div><p class='es-field__description'><ul class='es-field__validate-list'>\n                                <li class='es-validate-item es-validate-item__contain'>No puede contener el nombre o la direcci\u00f3n de correo electr\u00f3nico.<\/li>\n                                <li class='es-validate-item es-validate-item__length'>Al menos 8 car\u00e1cteres<\/li>\n                                <li class='es-validate-item es-validate-item__char'>Contiene un n\u00famero o s\u00edmbolo.<\/li>\n                            <\/ul><\/p><\/label>\n                                   <\/div>\n                               \n\t\t\t\t\t\t\t<input type=\"hidden\" name=\"g-recaptcha-response\" id=\"recaptchaResponse-69e5ef9594d39\"\/>\n\t\t\t\t\t\n\t\t<button type=\"submit\" disabled class=\"es-btn es-btn--primary es-btn--signup\">Inscribirse\n<\/button>\n\t\t<div class='es-privacy-policy-container'><div class='es-terms-text'>Al hacer clic en el bot\u00f3n \u00abINSCRIBIRSE\u00bb, acepta los <a href='https:\/\/www.macroinmobiliaria.com\/inmobiliaria-bogota\/terminos-de-uso\/' class='es-terms-link'>Condiciones de uso\n<\/a> y <a href='https:\/\/www.macroinmobiliaria.com\/inmobiliaria-bogota\/politica-de-privacidad\/' class='es-terms-link'>Pol\u00edtica de privacidad<\/a><\/div><\/div>\t\t<p class=\"sign-in-text\">\u00bfYa tienes una cuenta? <a href=\"#\" class=\"js-es-auth-item__switcher\" data-auth-item=\"login-buttons\">Iniciar sesi\u00f3n<\/a>\n<\/p>\n\t<\/form>\n\t<div class=\"es-space\"><\/div>\n<\/div>\n            <div class=\"es-auth__item es-auth__agent-register-buttons es-auth__item--hidden\">\n\t\t\t<h3 class=\"heading-font\">Crear una cuenta de agente<\/h3>\n\t\n\t\t\t<p>Administre sus listados, perfil y m\u00e1s<\/p>\n\t\n\t\t\t\t\t\t\t\t\t\t\t\t\t<a href=\"#\" data-auth-item=\"agent-register-form\" class=\"js-es-auth-item__switcher es-btn es-btn--default es-btn--auth \">Ingresa con e-mail<\/a>\n\t\n\t<p class=\"sign-in-text\">\u00bfYa tienes una cuenta? <a href=\"#\" data-auth-item=\"login-buttons\" class=\"js-es-auth-item__switcher\">Iniciar sesi\u00f3n<\/a><\/p>\n\t<div class=\"es-space\"><\/div>\n<\/div>\n            \n    <\/div>\n\n","protected":false},"excerpt":{"rendered":"","protected":false},"author":1,"featured_media":0,"parent":0,"menu_order":0,"comment_status":"closed","ping_status":"closed","template":"","meta":{"_joinchat":[],"footnotes":""},"class_list":["post-247","page","type-page","status-publish","hentry"],"_links":{"self":[{"href":"https:\/\/www.macroinmobiliaria.com\/inmobiliaria-bogota\/wp-json\/wp\/v2\/pages\/247","targetHints":{"allow":["GET"]}}],"collection":[{"href":"https:\/\/www.macroinmobiliaria.com\/inmobiliaria-bogota\/wp-json\/wp\/v2\/pages"}],"about":[{"href":"https:\/\/www.macroinmobiliaria.com\/inmobiliaria-bogota\/wp-json\/wp\/v2\/types\/page"}],"author":[{"embeddable":true,"href":"https:\/\/www.macroinmobiliaria.com\/inmobiliaria-bogota\/wp-json\/wp\/v2\/users\/1"}],"replies":[{"embeddable":true,"href":"https:\/\/www.macroinmobiliaria.com\/inmobiliaria-bogota\/wp-json\/wp\/v2\/comments?post=247"}],"version-history":[{"count":1,"href":"https:\/\/www.macroinmobiliaria.com\/inmobiliaria-bogota\/wp-json\/wp\/v2\/pages\/247\/revisions"}],"predecessor-version":[{"id":484,"href":"https:\/\/www.macroinmobiliaria.com\/inmobiliaria-bogota\/wp-json\/wp\/v2\/pages\/247\/revisions\/484"}],"wp:attachment":[{"href":"https:\/\/www.macroinmobiliaria.com\/inmobiliaria-bogota\/wp-json\/wp\/v2\/media?parent=247"}],"curies":[{"name":"wp","href":"https:\/\/api.w.org\/{rel}","templated":true}]}}