{"id":515,"date":"2020-12-21T18:35:23","date_gmt":"2020-12-21T23:35:23","guid":{"rendered":"http:\/\/www.macroinmobiliaria.com\/inmobiliariabogota\/?page_id=515"},"modified":"2020-12-21T18:35:48","modified_gmt":"2020-12-21T23:35:48","slug":"arriendo","status":"publish","type":"page","link":"https:\/\/www.macroinmobiliaria.com\/inmobiliaria-bogota\/arriendo\/","title":{"rendered":"Arriendo"},"content":{"rendered":"\n<h2 class=\"wp-block-heading\">Proceso para arrendar su Inmueble<\/h2>\n\n\n\n<ul class=\"wp-block-list\"><li>Promocionamos su inmueble en los sitio WEB m\u00e1s reconocidos del sector  inmobiliario y diferentes canales de comunicaci\u00f3n.<\/li><li>Asesor\u00eda especializada de acuerdo al an\u00e1lisis previo de la diferentes variables que posea su inmueble con el fin de encontrar la mejor estrategia y precio para negociar con el posible cliente.<\/li><li>Convenios con entidades para encontrar clientes con necesidades especificas.<\/li><li>Seguimiento personalizado de la gesti\u00f3n comercial de su inmueble.<\/li><\/ul>\n\n\n\n<h2 class=\"wp-block-heading\">Ventajas despu\u00e9s de\u00a0arrendar su Inmueble<\/h2>\n\n\n\n<ul class=\"wp-block-list\"><li>Reciba su ingreso de arriendo\u00a0sin importar el pago oportuno o siniestro del inquilino.<\/li><li>Reciba el pago de su arriendo mensual a trav\u00e9s de transferencia electr\u00f3nica al banco que usted elija.<\/li><li>Consulte y descargue sus extractos y certificados de ingresos y retenciones en nuestro portal web de Macroinmobiliaria.<\/li><li>Previa autorizaci\u00f3n del propietario,\u00a0gestionamos<strong> <\/strong>los pagos\u00a0de impuestos prediales, valorizaciones, cuotas extraordinarias con cargo al arriendo.<\/li><li>Atenci\u00f3n oportuna a las necesidades de mantenimiento y reparaciones locativas de su inmueble e informe de los trabajos realizados.<\/li><li>Asesor\u00eda especializada en gesti\u00f3n y pagos de servicios p\u00fablicos, reclamaciones, traslados de contadores, lecturas por promedio y consumo.<br><br>Aplican condiciones de negociaci\u00f3n y restricciones.<\/li><\/ul>\n","protected":false},"excerpt":{"rendered":"<p>Proceso para arrendar su Inmueble Promocionamos su inmueble en los sitio WEB m\u00e1s reconocidos del sector inmobiliario y diferentes canales de comunicaci\u00f3n. Asesor\u00eda especializada de acuerdo al an\u00e1lisis previo de la diferentes variables que posea su inmueble con el fin de encontrar la mejor estrategia y precio para negociar con el posible cliente. Convenios con&#8230;<\/p>\n","protected":false},"author":1,"featured_media":0,"parent":0,"menu_order":0,"comment_status":"closed","ping_status":"closed","template":"","meta":{"_joinchat":[],"footnotes":""},"class_list":["post-515","page","type-page","status-publish","hentry"],"_links":{"self":[{"href":"https:\/\/www.macroinmobiliaria.com\/inmobiliaria-bogota\/wp-json\/wp\/v2\/pages\/515","targetHints":{"allow":["GET"]}}],"collection":[{"href":"https:\/\/www.macroinmobiliaria.com\/inmobiliaria-bogota\/wp-json\/wp\/v2\/pages"}],"about":[{"href":"https:\/\/www.macroinmobiliaria.com\/inmobiliaria-bogota\/wp-json\/wp\/v2\/types\/page"}],"author":[{"embeddable":true,"href":"https:\/\/www.macroinmobiliaria.com\/inmobiliaria-bogota\/wp-json\/wp\/v2\/users\/1"}],"replies":[{"embeddable":true,"href":"https:\/\/www.macroinmobiliaria.com\/inmobiliaria-bogota\/wp-json\/wp\/v2\/comments?post=515"}],"version-history":[{"count":2,"href":"https:\/\/www.macroinmobiliaria.com\/inmobiliaria-bogota\/wp-json\/wp\/v2\/pages\/515\/revisions"}],"predecessor-version":[{"id":517,"href":"https:\/\/www.macroinmobiliaria.com\/inmobiliaria-bogota\/wp-json\/wp\/v2\/pages\/515\/revisions\/517"}],"wp:attachment":[{"href":"https:\/\/www.macroinmobiliaria.com\/inmobiliaria-bogota\/wp-json\/wp\/v2\/media?parent=515"}],"curies":[{"name":"wp","href":"https:\/\/api.w.org\/{rel}","templated":true}]}}